{"id":395,"date":"2020-09-14T12:08:03","date_gmt":"2020-09-14T10:08:03","guid":{"rendered":"https:\/\/hrprosolutions.pl\/pracownik\/zarzadzanie-wizerunkiem-zawodowym\/"},"modified":"2020-10-05T12:24:23","modified_gmt":"2020-10-05T10:24:23","slug":"personal-branding","status":"publish","type":"page","link":"https:\/\/hrprosolutions.pl\/en\/employee\/personal-branding\/","title":{"rendered":"Personal branding"},"content":{"rendered":"<h2><strong>#hps<\/strong> personal branding<\/h2>\n<h3>Shaping professional image on the labour market<\/h3>\n<h3>When you:<\/h3>\n<ul>\n<li>need professional support<\/li>\n<li>consider to change the job<\/li>\n<li>return on the labor market after break<\/li>\n<li>want to take the next step in your career<\/li>\n<li>change industrie<\/li>\n<li>want to take control over your career<\/li>\n<li>want to work on your professional image<\/li>\n<li>want to develop yourself<\/li>\n<\/ul>\n<h3>Benefits!<\/h3>\n<ul>\n<li>individual expert support<\/li>\n<li>individual career development plan<\/li>\n<li>knowledge how to shape professional image<\/li>\n<li>unique knowledge about the labor market<\/li>\n<li>knowledge about possibilities and opportunities related to the situation on the market<\/li>\n<li>increased self-awareness<\/li>\n<li>professional prepared CV<\/li>\n<\/ul>\n<h2 style=\"text-align: center;\">Interested ?<\/h2>\n<p style=\"text-align: center;\"><a href=\"https:\/\/hrprosolutions.pl\/en\/contact\">Contact our Consultant !<\/a><\/p>\n<p style=\"text-align: center;\">Find more on our <a href=\"https:\/\/hrprosolutions.pl\/blog\/\"><strong>BLOG<\/strong><\/a><\/p>\n","protected":false},"excerpt":{"rendered":"<p>#hps personal branding Shaping professional image on the labour market When you: need professional support consider to change the job return on the labor market after break want to take [&hellip;]<\/p>\n","protected":false},"author":1,"featured_media":0,"parent":391,"menu_order":0,"comment_status":"closed","ping_status":"closed","template":"template-oferta-poziom-2.php","meta":{"_acf_changed":false,"footnotes":""},"acf":[],"yoast_head":"<!-- This site is optimized with the Yoast SEO plugin v24.5 - https:\/\/yoast.com\/wordpress\/plugins\/seo\/ -->\n<title>Personal branding - HR Pro Solutions<\/title>\n<meta name=\"robots\" content=\"index, follow, max-snippet:-1, max-image-preview:large, max-video-preview:-1\" \/>\n<link rel=\"canonical\" href=\"https:\/\/hrprosolutions.pl\/en\/employee\/personal-branding\/\" \/>\n<meta property=\"og:locale\" content=\"en_US\" \/>\n<meta property=\"og:type\" content=\"article\" \/>\n<meta property=\"og:title\" content=\"Personal branding - HR Pro Solutions\" \/>\n<meta property=\"og:description\" content=\"#hps personal branding Shaping professional image on the labour market When you: need professional support consider to change the job return on the labor market after break want to take [&hellip;]\" \/>\n<meta property=\"og:url\" content=\"https:\/\/hrprosolutions.pl\/en\/employee\/personal-branding\/\" \/>\n<meta property=\"og:site_name\" content=\"HR Pro Solutions\" \/>\n<meta property=\"article:modified_time\" content=\"2020-10-05T10:24:23+00:00\" \/>\n<meta property=\"og:image\" content=\"https:\/\/hrprosolutions.pl\/wp-content\/uploads\/2020\/09\/hps_og.png\" \/>\n\t<meta property=\"og:image:width\" content=\"1200\" \/>\n\t<meta property=\"og:image:height\" content=\"630\" \/>\n\t<meta property=\"og:image:type\" content=\"image\/png\" \/>\n<meta name=\"twitter:card\" content=\"summary_large_image\" \/>\n<meta name=\"twitter:label1\" content=\"Est. reading time\" \/>\n\t<meta name=\"twitter:data1\" content=\"1 minute\" \/>\n<script type=\"application\/ld+json\" class=\"yoast-schema-graph\">{\"@context\":\"https:\/\/schema.org\",\"@graph\":[{\"@type\":\"WebPage\",\"@id\":\"https:\/\/hrprosolutions.pl\/en\/employee\/personal-branding\/\",\"url\":\"https:\/\/hrprosolutions.pl\/en\/employee\/personal-branding\/\",\"name\":\"Personal branding - HR Pro Solutions\",\"isPartOf\":{\"@id\":\"https:\/\/hrprosolutions.pl\/en\/#website\"},\"datePublished\":\"2020-09-14T10:08:03+00:00\",\"dateModified\":\"2020-10-05T10:24:23+00:00\",\"breadcrumb\":{\"@id\":\"https:\/\/hrprosolutions.pl\/en\/employee\/personal-branding\/#breadcrumb\"},\"inLanguage\":\"en-US\",\"potentialAction\":[{\"@type\":\"ReadAction\",\"target\":[\"https:\/\/hrprosolutions.pl\/en\/employee\/personal-branding\/\"]}]},{\"@type\":\"BreadcrumbList\",\"@id\":\"https:\/\/hrprosolutions.pl\/en\/employee\/personal-branding\/#breadcrumb\",\"itemListElement\":[{\"@type\":\"ListItem\",\"position\":1,\"name\":\"Start\",\"item\":\"https:\/\/hrprosolutions.pl\/en\/\"},{\"@type\":\"ListItem\",\"position\":2,\"name\":\"Employee\",\"item\":\"https:\/\/hrprosolutions.pl\/en\/employee\/\"},{\"@type\":\"ListItem\",\"position\":3,\"name\":\"Personal branding\"}]},{\"@type\":\"WebSite\",\"@id\":\"https:\/\/hrprosolutions.pl\/en\/#website\",\"url\":\"https:\/\/hrprosolutions.pl\/en\/\",\"name\":\"HR Pro Solutions\",\"description\":\"Na co dzie\u0144 wspieramy naszych Klient\u00f3w w osi\u0105ganiu ambitnych cel\u00f3w biznesowych.  Dostarczamy kompleksowe rozwi\u0105zania w zakresie rekrutacji, doradztwa personalnego i konsultingu HR.\",\"potentialAction\":[{\"@type\":\"SearchAction\",\"target\":{\"@type\":\"EntryPoint\",\"urlTemplate\":\"https:\/\/hrprosolutions.pl\/en\/?s={search_term_string}\"},\"query-input\":{\"@type\":\"PropertyValueSpecification\",\"valueRequired\":true,\"valueName\":\"search_term_string\"}}],\"inLanguage\":\"en-US\"}]}<\/script>\n<!-- \/ Yoast SEO plugin. -->","yoast_head_json":{"title":"Personal branding - HR Pro Solutions","robots":{"index":"index","follow":"follow","max-snippet":"max-snippet:-1","max-image-preview":"max-image-preview:large","max-video-preview":"max-video-preview:-1"},"canonical":"https:\/\/hrprosolutions.pl\/en\/employee\/personal-branding\/","og_locale":"en_US","og_type":"article","og_title":"Personal branding - HR Pro Solutions","og_description":"#hps personal branding Shaping professional image on the labour market When you: need professional support consider to change the job return on the labor market after break want to take [&hellip;]","og_url":"https:\/\/hrprosolutions.pl\/en\/employee\/personal-branding\/","og_site_name":"HR Pro Solutions","article_modified_time":"2020-10-05T10:24:23+00:00","og_image":[{"width":1200,"height":630,"url":"https:\/\/hrprosolutions.pl\/wp-content\/uploads\/2020\/09\/hps_og.png","type":"image\/png"}],"twitter_card":"summary_large_image","twitter_misc":{"Est. reading time":"1 minute"},"schema":{"@context":"https:\/\/schema.org","@graph":[{"@type":"WebPage","@id":"https:\/\/hrprosolutions.pl\/en\/employee\/personal-branding\/","url":"https:\/\/hrprosolutions.pl\/en\/employee\/personal-branding\/","name":"Personal branding - HR Pro Solutions","isPartOf":{"@id":"https:\/\/hrprosolutions.pl\/en\/#website"},"datePublished":"2020-09-14T10:08:03+00:00","dateModified":"2020-10-05T10:24:23+00:00","breadcrumb":{"@id":"https:\/\/hrprosolutions.pl\/en\/employee\/personal-branding\/#breadcrumb"},"inLanguage":"en-US","potentialAction":[{"@type":"ReadAction","target":["https:\/\/hrprosolutions.pl\/en\/employee\/personal-branding\/"]}]},{"@type":"BreadcrumbList","@id":"https:\/\/hrprosolutions.pl\/en\/employee\/personal-branding\/#breadcrumb","itemListElement":[{"@type":"ListItem","position":1,"name":"Start","item":"https:\/\/hrprosolutions.pl\/en\/"},{"@type":"ListItem","position":2,"name":"Employee","item":"https:\/\/hrprosolutions.pl\/en\/employee\/"},{"@type":"ListItem","position":3,"name":"Personal branding"}]},{"@type":"WebSite","@id":"https:\/\/hrprosolutions.pl\/en\/#website","url":"https:\/\/hrprosolutions.pl\/en\/","name":"HR Pro Solutions","description":"Na co dzie\u0144 wspieramy naszych Klient\u00f3w w osi\u0105ganiu ambitnych cel\u00f3w biznesowych.  Dostarczamy kompleksowe rozwi\u0105zania w zakresie rekrutacji, doradztwa personalnego i konsultingu HR.","potentialAction":[{"@type":"SearchAction","target":{"@type":"EntryPoint","urlTemplate":"https:\/\/hrprosolutions.pl\/en\/?s={search_term_string}"},"query-input":{"@type":"PropertyValueSpecification","valueRequired":true,"valueName":"search_term_string"}}],"inLanguage":"en-US"}]}},"_links":{"self":[{"href":"https:\/\/hrprosolutions.pl\/en\/wp-json\/wp\/v2\/pages\/395"}],"collection":[{"href":"https:\/\/hrprosolutions.pl\/en\/wp-json\/wp\/v2\/pages"}],"about":[{"href":"https:\/\/hrprosolutions.pl\/en\/wp-json\/wp\/v2\/types\/page"}],"author":[{"embeddable":true,"href":"https:\/\/hrprosolutions.pl\/en\/wp-json\/wp\/v2\/users\/1"}],"replies":[{"embeddable":true,"href":"https:\/\/hrprosolutions.pl\/en\/wp-json\/wp\/v2\/comments?post=395"}],"version-history":[{"count":5,"href":"https:\/\/hrprosolutions.pl\/en\/wp-json\/wp\/v2\/pages\/395\/revisions"}],"predecessor-version":[{"id":493,"href":"https:\/\/hrprosolutions.pl\/en\/wp-json\/wp\/v2\/pages\/395\/revisions\/493"}],"up":[{"embeddable":true,"href":"https:\/\/hrprosolutions.pl\/en\/wp-json\/wp\/v2\/pages\/391"}],"wp:attachment":[{"href":"https:\/\/hrprosolutions.pl\/en\/wp-json\/wp\/v2\/media?parent=395"}],"curies":[{"name":"wp","href":"https:\/\/api.w.org\/{rel}","templated":true}]}}