{"id":394,"date":"2020-09-14T12:07:04","date_gmt":"2020-09-14T10:07:04","guid":{"rendered":"https:\/\/hrprosolutions.pl\/pracownik\/cv\/"},"modified":"2020-10-05T13:58:32","modified_gmt":"2020-10-05T11:58:32","slug":"cv","status":"publish","type":"page","link":"https:\/\/hrprosolutions.pl\/en\/employee\/cv\/","title":{"rendered":"Upload CV"},"content":{"rendered":"<h2 style=\"text-align: center;\">Are you looking for a job? Let yourself be found!<\/h2>\n<p style=\"text-align: center;\">Leave us your CV by filling out the form below, and as soon as we find something interesting &#8211; we will contact you!<\/p>\n\n<div class=\"wpcf7 no-js\" id=\"wpcf7-f441-o1\" lang=\"pl-PL\" dir=\"ltr\">\n<div class=\"screen-reader-response\"><p role=\"status\" aria-live=\"polite\" aria-atomic=\"true\"><\/p> <ul><\/ul><\/div>\n<form action=\"\/en\/wp-json\/wp\/v2\/pages\/394#wpcf7-f441-o1\" method=\"post\" class=\"wpcf7-form init\" aria-label=\"Formularz kontaktowy\" enctype=\"multipart\/form-data\" novalidate=\"novalidate\" data-status=\"init\">\n<div style=\"display: none;\">\n<input type=\"hidden\" name=\"_wpcf7\" value=\"441\" \/>\n<input type=\"hidden\" name=\"_wpcf7_version\" value=\"5.9.8\" \/>\n<input type=\"hidden\" name=\"_wpcf7_locale\" value=\"pl_PL\" \/>\n<input type=\"hidden\" name=\"_wpcf7_unit_tag\" value=\"wpcf7-f441-o1\" \/>\n<input type=\"hidden\" name=\"_wpcf7_container_post\" value=\"0\" \/>\n<input type=\"hidden\" name=\"_wpcf7_posted_data_hash\" value=\"\" \/>\n<input type=\"hidden\" name=\"_wpcf7_recaptcha_response\" value=\"\" \/>\n<\/div>\n<div class=\"row\">\n\t<div class=\"col-xs-12\">\n\t\t<p><span class=\"wpcf7-form-control-wrap\" data-name=\"cv-imie\"><input size=\"40\" maxlength=\"400\" class=\"wpcf7-form-control wpcf7-text\" aria-invalid=\"false\" placeholder=\"Your name and surname\" value=\"\" type=\"text\" name=\"cv-imie\" \/><\/span>\n\t\t<\/p>\n\t<\/div>\n\t<div class=\"col-xs-12\">\n\t\t<p><span class=\"wpcf7-form-control-wrap\" data-name=\"cv-telefon\"><input size=\"40\" maxlength=\"400\" class=\"wpcf7-form-control wpcf7-tel wpcf7-validates-as-required wpcf7-text wpcf7-validates-as-tel\" aria-required=\"true\" aria-invalid=\"false\" placeholder=\"Your phone number\" value=\"\" type=\"tel\" name=\"cv-telefon\" \/><\/span>\n\t\t<\/p>\n\t<\/div>\n\t<div class=\"col-xs-12\">\n\t\t<p><span class=\"wpcf7-form-control-wrap\" data-name=\"cv-mail\"><input size=\"40\" maxlength=\"400\" class=\"wpcf7-form-control wpcf7-email wpcf7-validates-as-required wpcf7-text wpcf7-validates-as-email\" aria-required=\"true\" aria-invalid=\"false\" placeholder=\"Your e-mail address\" value=\"\" type=\"email\" name=\"cv-mail\" \/><\/span>\n\t\t<\/p>\n\t<\/div>\n\t<div class=\"col-xs-12\">\n\t\t<p><label for=\"filecv\" id=\"labelfile\"><img decoding=\"async\" src=\"https:\/\/hrprosolutions.pl\/wp-content\/themes\/hps2020\/images\/ico_przeslijcv_white.svg\" alt=\"Upload CV\" \/><\/label>\n\t\t<\/p>\n\t\t<div class=\"tekst\">\n\t\t\t<p class=\"etykietadodaj\"> Upload CV\n\t\t\t<\/p>\n\t\t\t<p class=\"etykietadodano\">Uploaded!\n\t\t\t<\/p>\n\t\t\t<p class=\"small\">pdf file max. 3mb\n\t\t\t<\/p>\n\t\t<\/div>\n\t\t<p><span class=\"wpcf7-form-control-wrap\" data-name=\"file-715\"><input size=\"40\" class=\"wpcf7-form-control wpcf7-file dodajcv\" id=\"filecv\" accept=\".pdf\" aria-invalid=\"false\" type=\"file\" name=\"file-715\" \/><\/span>\n\t\t<\/p>\n\t<\/div>\n\t<div class=\"col-xs-12\">\n\t\t<div class=\"block\">\n\t\t\t<p><span class=\"wpcf7-form-control-wrap\" data-name=\"acceptance-1\"><span class=\"wpcf7-form-control wpcf7-acceptance\"><span class=\"wpcf7-list-item\"><label><input type=\"checkbox\" name=\"acceptance-1\" value=\"1\" aria-invalid=\"false\" \/><span class=\"wpcf7-list-item-label\">*I hereby consent to receiving  from HR Pro Solutions Sp. z o.o. via e-mail, on provided in Contact Form e-mail address, commercial information regarding products and services offered by HR Pro Solutions Sp. z o.o. win accordance with the Act on the providing services via e-mail from July 18th, 2002 (Dz. U z 2013 r., poz. 1422 ze zm.).<\/span><\/label><\/span><\/span><\/span>\n\t\t\t<\/p>\n\t\t<\/div>\n\t<\/div>\n\t<div class=\"col-xs-12\">\n\t\t<p><input class=\"wpcf7-form-control wpcf7-submit has-spinner button white arrow\" type=\"submit\" value=\"Send\" \/>\n\t\t<\/p>\n\t<\/div>\n<\/div><div class=\"wpcf7-response-output\" aria-hidden=\"true\"><\/div>\n<\/form>\n<\/div>\n\n","protected":false},"excerpt":{"rendered":"<p>Are you looking for a job? Let yourself be found! Leave us your CV by filling out the form below, and as soon as we find something interesting &#8211; we [&hellip;]<\/p>\n","protected":false},"author":1,"featured_media":0,"parent":391,"menu_order":0,"comment_status":"closed","ping_status":"closed","template":"template-oferta-poziom-2.php","meta":{"_acf_changed":false,"footnotes":""},"acf":[],"yoast_head":"<!-- This site is optimized with the Yoast SEO plugin v24.5 - https:\/\/yoast.com\/wordpress\/plugins\/seo\/ -->\n<title>Upload CV - HR Pro Solutions<\/title>\n<meta name=\"robots\" content=\"index, follow, max-snippet:-1, max-image-preview:large, max-video-preview:-1\" \/>\n<link rel=\"canonical\" href=\"https:\/\/hrprosolutions.pl\/en\/employee\/cv\/\" \/>\n<meta property=\"og:locale\" content=\"en_US\" \/>\n<meta property=\"og:type\" content=\"article\" \/>\n<meta property=\"og:title\" content=\"Upload CV - HR Pro Solutions\" \/>\n<meta property=\"og:description\" content=\"Are you looking for a job? Let yourself be found! Leave us your CV by filling out the form below, and as soon as we find something interesting &#8211; we [&hellip;]\" \/>\n<meta property=\"og:url\" content=\"https:\/\/hrprosolutions.pl\/en\/employee\/cv\/\" \/>\n<meta property=\"og:site_name\" content=\"HR Pro Solutions\" \/>\n<meta property=\"article:modified_time\" content=\"2020-10-05T11:58:32+00:00\" \/>\n<meta property=\"og:image\" content=\"https:\/\/hrprosolutions.pl\/wp-content\/uploads\/2020\/09\/hps_og.png\" \/>\n\t<meta property=\"og:image:width\" content=\"1200\" \/>\n\t<meta property=\"og:image:height\" content=\"630\" \/>\n\t<meta property=\"og:image:type\" content=\"image\/png\" \/>\n<meta name=\"twitter:card\" content=\"summary_large_image\" \/>\n<script type=\"application\/ld+json\" class=\"yoast-schema-graph\">{\"@context\":\"https:\/\/schema.org\",\"@graph\":[{\"@type\":\"WebPage\",\"@id\":\"https:\/\/hrprosolutions.pl\/en\/employee\/cv\/\",\"url\":\"https:\/\/hrprosolutions.pl\/en\/employee\/cv\/\",\"name\":\"Upload CV - HR Pro Solutions\",\"isPartOf\":{\"@id\":\"https:\/\/hrprosolutions.pl\/en\/#website\"},\"datePublished\":\"2020-09-14T10:07:04+00:00\",\"dateModified\":\"2020-10-05T11:58:32+00:00\",\"breadcrumb\":{\"@id\":\"https:\/\/hrprosolutions.pl\/en\/employee\/cv\/#breadcrumb\"},\"inLanguage\":\"en-US\",\"potentialAction\":[{\"@type\":\"ReadAction\",\"target\":[\"https:\/\/hrprosolutions.pl\/en\/employee\/cv\/\"]}]},{\"@type\":\"BreadcrumbList\",\"@id\":\"https:\/\/hrprosolutions.pl\/en\/employee\/cv\/#breadcrumb\",\"itemListElement\":[{\"@type\":\"ListItem\",\"position\":1,\"name\":\"Start\",\"item\":\"https:\/\/hrprosolutions.pl\/en\/\"},{\"@type\":\"ListItem\",\"position\":2,\"name\":\"Employee\",\"item\":\"https:\/\/hrprosolutions.pl\/en\/employee\/\"},{\"@type\":\"ListItem\",\"position\":3,\"name\":\"Upload CV\"}]},{\"@type\":\"WebSite\",\"@id\":\"https:\/\/hrprosolutions.pl\/en\/#website\",\"url\":\"https:\/\/hrprosolutions.pl\/en\/\",\"name\":\"HR Pro Solutions\",\"description\":\"Na co dzie\u0144 wspieramy naszych Klient\u00f3w w osi\u0105ganiu ambitnych cel\u00f3w biznesowych.  Dostarczamy kompleksowe rozwi\u0105zania w zakresie rekrutacji, doradztwa personalnego i konsultingu HR.\",\"potentialAction\":[{\"@type\":\"SearchAction\",\"target\":{\"@type\":\"EntryPoint\",\"urlTemplate\":\"https:\/\/hrprosolutions.pl\/en\/?s={search_term_string}\"},\"query-input\":{\"@type\":\"PropertyValueSpecification\",\"valueRequired\":true,\"valueName\":\"search_term_string\"}}],\"inLanguage\":\"en-US\"}]}<\/script>\n<!-- \/ Yoast SEO plugin. -->","yoast_head_json":{"title":"Upload CV - HR Pro Solutions","robots":{"index":"index","follow":"follow","max-snippet":"max-snippet:-1","max-image-preview":"max-image-preview:large","max-video-preview":"max-video-preview:-1"},"canonical":"https:\/\/hrprosolutions.pl\/en\/employee\/cv\/","og_locale":"en_US","og_type":"article","og_title":"Upload CV - HR Pro Solutions","og_description":"Are you looking for a job? Let yourself be found! Leave us your CV by filling out the form below, and as soon as we find something interesting &#8211; we [&hellip;]","og_url":"https:\/\/hrprosolutions.pl\/en\/employee\/cv\/","og_site_name":"HR Pro Solutions","article_modified_time":"2020-10-05T11:58:32+00:00","og_image":[{"width":1200,"height":630,"url":"https:\/\/hrprosolutions.pl\/wp-content\/uploads\/2020\/09\/hps_og.png","type":"image\/png"}],"twitter_card":"summary_large_image","schema":{"@context":"https:\/\/schema.org","@graph":[{"@type":"WebPage","@id":"https:\/\/hrprosolutions.pl\/en\/employee\/cv\/","url":"https:\/\/hrprosolutions.pl\/en\/employee\/cv\/","name":"Upload CV - HR Pro Solutions","isPartOf":{"@id":"https:\/\/hrprosolutions.pl\/en\/#website"},"datePublished":"2020-09-14T10:07:04+00:00","dateModified":"2020-10-05T11:58:32+00:00","breadcrumb":{"@id":"https:\/\/hrprosolutions.pl\/en\/employee\/cv\/#breadcrumb"},"inLanguage":"en-US","potentialAction":[{"@type":"ReadAction","target":["https:\/\/hrprosolutions.pl\/en\/employee\/cv\/"]}]},{"@type":"BreadcrumbList","@id":"https:\/\/hrprosolutions.pl\/en\/employee\/cv\/#breadcrumb","itemListElement":[{"@type":"ListItem","position":1,"name":"Start","item":"https:\/\/hrprosolutions.pl\/en\/"},{"@type":"ListItem","position":2,"name":"Employee","item":"https:\/\/hrprosolutions.pl\/en\/employee\/"},{"@type":"ListItem","position":3,"name":"Upload CV"}]},{"@type":"WebSite","@id":"https:\/\/hrprosolutions.pl\/en\/#website","url":"https:\/\/hrprosolutions.pl\/en\/","name":"HR Pro Solutions","description":"Na co dzie\u0144 wspieramy naszych Klient\u00f3w w osi\u0105ganiu ambitnych cel\u00f3w biznesowych.  Dostarczamy kompleksowe rozwi\u0105zania w zakresie rekrutacji, doradztwa personalnego i konsultingu HR.","potentialAction":[{"@type":"SearchAction","target":{"@type":"EntryPoint","urlTemplate":"https:\/\/hrprosolutions.pl\/en\/?s={search_term_string}"},"query-input":{"@type":"PropertyValueSpecification","valueRequired":true,"valueName":"search_term_string"}}],"inLanguage":"en-US"}]}},"_links":{"self":[{"href":"https:\/\/hrprosolutions.pl\/en\/wp-json\/wp\/v2\/pages\/394"}],"collection":[{"href":"https:\/\/hrprosolutions.pl\/en\/wp-json\/wp\/v2\/pages"}],"about":[{"href":"https:\/\/hrprosolutions.pl\/en\/wp-json\/wp\/v2\/types\/page"}],"author":[{"embeddable":true,"href":"https:\/\/hrprosolutions.pl\/en\/wp-json\/wp\/v2\/users\/1"}],"replies":[{"embeddable":true,"href":"https:\/\/hrprosolutions.pl\/en\/wp-json\/wp\/v2\/comments?post=394"}],"version-history":[{"count":5,"href":"https:\/\/hrprosolutions.pl\/en\/wp-json\/wp\/v2\/pages\/394\/revisions"}],"predecessor-version":[{"id":478,"href":"https:\/\/hrprosolutions.pl\/en\/wp-json\/wp\/v2\/pages\/394\/revisions\/478"}],"up":[{"embeddable":true,"href":"https:\/\/hrprosolutions.pl\/en\/wp-json\/wp\/v2\/pages\/391"}],"wp:attachment":[{"href":"https:\/\/hrprosolutions.pl\/en\/wp-json\/wp\/v2\/media?parent=394"}],"curies":[{"name":"wp","href":"https:\/\/api.w.org\/{rel}","templated":true}]}}