{"id":390,"date":"2020-09-14T11:58:01","date_gmt":"2020-09-14T09:58:01","guid":{"rendered":"https:\/\/hrprosolutions.pl\/pracodawca\/zamiesc\/"},"modified":"2020-09-17T16:56:25","modified_gmt":"2020-09-17T14:56:25","slug":"post-job-offer","status":"publish","type":"page","link":"https:\/\/hrprosolutions.pl\/en\/employer\/post-job-offer\/","title":{"rendered":"Post job offer"},"content":{"rendered":"<p>Add <strong>free<\/strong> job advert on our website!<\/p>\n","protected":false},"excerpt":{"rendered":"<p>Add free job advert on our website!<\/p>\n","protected":false},"author":1,"featured_media":0,"parent":384,"menu_order":0,"comment_status":"closed","ping_status":"closed","template":"template-oferta-poziom-2-zamiescoferte.php","meta":{"_acf_changed":false,"footnotes":""},"acf":[],"yoast_head":"<!-- This site is optimized with the Yoast SEO plugin v24.5 - https:\/\/yoast.com\/wordpress\/plugins\/seo\/ -->\n<title>Post job offer - HR Pro Solutions<\/title>\n<meta name=\"robots\" content=\"index, follow, max-snippet:-1, max-image-preview:large, max-video-preview:-1\" \/>\n<link rel=\"canonical\" href=\"https:\/\/hrprosolutions.pl\/en\/employer\/post-job-offer\/\" \/>\n<meta property=\"og:locale\" content=\"en_US\" \/>\n<meta property=\"og:type\" content=\"article\" \/>\n<meta property=\"og:title\" content=\"Post job offer - HR Pro Solutions\" \/>\n<meta property=\"og:description\" content=\"Add free job advert on our website!\" \/>\n<meta property=\"og:url\" content=\"https:\/\/hrprosolutions.pl\/en\/employer\/post-job-offer\/\" \/>\n<meta property=\"og:site_name\" content=\"HR Pro Solutions\" \/>\n<meta property=\"article:modified_time\" content=\"2020-09-17T14:56:25+00:00\" \/>\n<meta property=\"og:image\" content=\"https:\/\/hrprosolutions.pl\/wp-content\/uploads\/2020\/09\/hps_og.png\" \/>\n\t<meta property=\"og:image:width\" content=\"1200\" \/>\n\t<meta property=\"og:image:height\" content=\"630\" \/>\n\t<meta property=\"og:image:type\" content=\"image\/png\" \/>\n<meta name=\"twitter:card\" content=\"summary_large_image\" \/>\n<script type=\"application\/ld+json\" class=\"yoast-schema-graph\">{\"@context\":\"https:\/\/schema.org\",\"@graph\":[{\"@type\":\"WebPage\",\"@id\":\"https:\/\/hrprosolutions.pl\/en\/employer\/post-job-offer\/\",\"url\":\"https:\/\/hrprosolutions.pl\/en\/employer\/post-job-offer\/\",\"name\":\"Post job offer - HR Pro Solutions\",\"isPartOf\":{\"@id\":\"https:\/\/hrprosolutions.pl\/en\/#website\"},\"datePublished\":\"2020-09-14T09:58:01+00:00\",\"dateModified\":\"2020-09-17T14:56:25+00:00\",\"breadcrumb\":{\"@id\":\"https:\/\/hrprosolutions.pl\/en\/employer\/post-job-offer\/#breadcrumb\"},\"inLanguage\":\"en-US\",\"potentialAction\":[{\"@type\":\"ReadAction\",\"target\":[\"https:\/\/hrprosolutions.pl\/en\/employer\/post-job-offer\/\"]}]},{\"@type\":\"BreadcrumbList\",\"@id\":\"https:\/\/hrprosolutions.pl\/en\/employer\/post-job-offer\/#breadcrumb\",\"itemListElement\":[{\"@type\":\"ListItem\",\"position\":1,\"name\":\"Start\",\"item\":\"https:\/\/hrprosolutions.pl\/en\/\"},{\"@type\":\"ListItem\",\"position\":2,\"name\":\"Employer\",\"item\":\"https:\/\/hrprosolutions.pl\/en\/employer\/\"},{\"@type\":\"ListItem\",\"position\":3,\"name\":\"Post job offer\"}]},{\"@type\":\"WebSite\",\"@id\":\"https:\/\/hrprosolutions.pl\/en\/#website\",\"url\":\"https:\/\/hrprosolutions.pl\/en\/\",\"name\":\"HR Pro Solutions\",\"description\":\"Na co dzie\u0144 wspieramy naszych Klient\u00f3w w osi\u0105ganiu ambitnych cel\u00f3w biznesowych.  Dostarczamy kompleksowe rozwi\u0105zania w zakresie rekrutacji, doradztwa personalnego i konsultingu HR.\",\"potentialAction\":[{\"@type\":\"SearchAction\",\"target\":{\"@type\":\"EntryPoint\",\"urlTemplate\":\"https:\/\/hrprosolutions.pl\/en\/?s={search_term_string}\"},\"query-input\":{\"@type\":\"PropertyValueSpecification\",\"valueRequired\":true,\"valueName\":\"search_term_string\"}}],\"inLanguage\":\"en-US\"}]}<\/script>\n<!-- \/ Yoast SEO plugin. -->","yoast_head_json":{"title":"Post job offer - HR Pro Solutions","robots":{"index":"index","follow":"follow","max-snippet":"max-snippet:-1","max-image-preview":"max-image-preview:large","max-video-preview":"max-video-preview:-1"},"canonical":"https:\/\/hrprosolutions.pl\/en\/employer\/post-job-offer\/","og_locale":"en_US","og_type":"article","og_title":"Post job offer - HR Pro Solutions","og_description":"Add free job advert on our website!","og_url":"https:\/\/hrprosolutions.pl\/en\/employer\/post-job-offer\/","og_site_name":"HR Pro Solutions","article_modified_time":"2020-09-17T14:56:25+00:00","og_image":[{"width":1200,"height":630,"url":"https:\/\/hrprosolutions.pl\/wp-content\/uploads\/2020\/09\/hps_og.png","type":"image\/png"}],"twitter_card":"summary_large_image","schema":{"@context":"https:\/\/schema.org","@graph":[{"@type":"WebPage","@id":"https:\/\/hrprosolutions.pl\/en\/employer\/post-job-offer\/","url":"https:\/\/hrprosolutions.pl\/en\/employer\/post-job-offer\/","name":"Post job offer - HR Pro Solutions","isPartOf":{"@id":"https:\/\/hrprosolutions.pl\/en\/#website"},"datePublished":"2020-09-14T09:58:01+00:00","dateModified":"2020-09-17T14:56:25+00:00","breadcrumb":{"@id":"https:\/\/hrprosolutions.pl\/en\/employer\/post-job-offer\/#breadcrumb"},"inLanguage":"en-US","potentialAction":[{"@type":"ReadAction","target":["https:\/\/hrprosolutions.pl\/en\/employer\/post-job-offer\/"]}]},{"@type":"BreadcrumbList","@id":"https:\/\/hrprosolutions.pl\/en\/employer\/post-job-offer\/#breadcrumb","itemListElement":[{"@type":"ListItem","position":1,"name":"Start","item":"https:\/\/hrprosolutions.pl\/en\/"},{"@type":"ListItem","position":2,"name":"Employer","item":"https:\/\/hrprosolutions.pl\/en\/employer\/"},{"@type":"ListItem","position":3,"name":"Post job offer"}]},{"@type":"WebSite","@id":"https:\/\/hrprosolutions.pl\/en\/#website","url":"https:\/\/hrprosolutions.pl\/en\/","name":"HR Pro Solutions","description":"Na co dzie\u0144 wspieramy naszych Klient\u00f3w w osi\u0105ganiu ambitnych cel\u00f3w biznesowych.  Dostarczamy kompleksowe rozwi\u0105zania w zakresie rekrutacji, doradztwa personalnego i konsultingu HR.","potentialAction":[{"@type":"SearchAction","target":{"@type":"EntryPoint","urlTemplate":"https:\/\/hrprosolutions.pl\/en\/?s={search_term_string}"},"query-input":{"@type":"PropertyValueSpecification","valueRequired":true,"valueName":"search_term_string"}}],"inLanguage":"en-US"}]}},"_links":{"self":[{"href":"https:\/\/hrprosolutions.pl\/en\/wp-json\/wp\/v2\/pages\/390"}],"collection":[{"href":"https:\/\/hrprosolutions.pl\/en\/wp-json\/wp\/v2\/pages"}],"about":[{"href":"https:\/\/hrprosolutions.pl\/en\/wp-json\/wp\/v2\/types\/page"}],"author":[{"embeddable":true,"href":"https:\/\/hrprosolutions.pl\/en\/wp-json\/wp\/v2\/users\/1"}],"replies":[{"embeddable":true,"href":"https:\/\/hrprosolutions.pl\/en\/wp-json\/wp\/v2\/comments?post=390"}],"version-history":[{"count":2,"href":"https:\/\/hrprosolutions.pl\/en\/wp-json\/wp\/v2\/pages\/390\/revisions"}],"predecessor-version":[{"id":436,"href":"https:\/\/hrprosolutions.pl\/en\/wp-json\/wp\/v2\/pages\/390\/revisions\/436"}],"up":[{"embeddable":true,"href":"https:\/\/hrprosolutions.pl\/en\/wp-json\/wp\/v2\/pages\/384"}],"wp:attachment":[{"href":"https:\/\/hrprosolutions.pl\/en\/wp-json\/wp\/v2\/media?parent=390"}],"curies":[{"name":"wp","href":"https:\/\/api.w.org\/{rel}","templated":true}]}}