{"id":378,"date":"2020-09-14T11:12:17","date_gmt":"2020-09-14T09:12:17","guid":{"rendered":"https:\/\/hrprosolutions.pl\/strona-glowna\/"},"modified":"2025-07-22T15:44:56","modified_gmt":"2025-07-22T13:44:56","slug":"recruitment-2","status":"publish","type":"page","link":"https:\/\/hrprosolutions.pl\/en\/","title":{"rendered":"<strong>Talent. Technology. Result.<\/strong> Modern recruitment for the manufacturing industry."},"content":{"rendered":"","protected":false},"excerpt":{"rendered":"","protected":false},"author":1,"featured_media":0,"parent":0,"menu_order":0,"comment_status":"closed","ping_status":"closed","template":"","meta":{"_acf_changed":false,"footnotes":""},"acf":[],"yoast_head":"<!-- This site is optimized with the Yoast SEO plugin v24.5 - https:\/\/yoast.com\/wordpress\/plugins\/seo\/ -->\n<title>HR Pro Solutions - Talent. Technology. Result. Modern recruitment for the manufacturing industry.<\/title>\n<meta name=\"description\" content=\"Let us handle your recruitment. We hire specialists in the manufacturing industry. We reach the best talent faster and more precisely.\" \/>\n<meta name=\"robots\" content=\"index, follow, max-snippet:-1, max-image-preview:large, max-video-preview:-1\" \/>\n<link rel=\"canonical\" href=\"https:\/\/hrprosolutions.pl\/en\/\" \/>\n<meta property=\"og:locale\" content=\"en_US\" \/>\n<meta property=\"og:type\" content=\"article\" \/>\n<meta property=\"og:title\" content=\"HR Pro Solutions - Talent. Technology. Result. Modern recruitment for the manufacturing industry.\" \/>\n<meta property=\"og:description\" content=\"Let us handle your recruitment. We hire specialists in the manufacturing industry. We reach the best talent faster and more precisely.\" \/>\n<meta property=\"og:url\" content=\"https:\/\/hrprosolutions.pl\/en\/\" \/>\n<meta property=\"og:site_name\" content=\"HR Pro Solutions\" \/>\n<meta property=\"article:modified_time\" content=\"2025-07-22T13:44:56+00:00\" \/>\n<meta property=\"og:image\" content=\"https:\/\/hrprosolutions.pl\/wp-content\/uploads\/2020\/09\/hps_og.png\" \/>\n\t<meta property=\"og:image:width\" content=\"1200\" \/>\n\t<meta property=\"og:image:height\" content=\"630\" \/>\n\t<meta property=\"og:image:type\" content=\"image\/png\" \/>\n<meta name=\"twitter:card\" content=\"summary_large_image\" \/>\n<meta name=\"twitter:label1\" content=\"Est. reading time\" \/>\n\t<meta name=\"twitter:data1\" content=\"2 minutes\" \/>\n<script type=\"application\/ld+json\" class=\"yoast-schema-graph\">{\"@context\":\"https:\/\/schema.org\",\"@graph\":[{\"@type\":\"WebPage\",\"@id\":\"https:\/\/hrprosolutions.pl\/en\/\",\"url\":\"https:\/\/hrprosolutions.pl\/en\/\",\"name\":\"HR Pro Solutions - Talent. Technology. Result. Modern recruitment for the manufacturing industry.\",\"isPartOf\":{\"@id\":\"https:\/\/hrprosolutions.pl\/en\/#website\"},\"datePublished\":\"2020-09-14T09:12:17+00:00\",\"dateModified\":\"2025-07-22T13:44:56+00:00\",\"description\":\"Let us handle your recruitment. We hire specialists in the manufacturing industry. We reach the best talent faster and more precisely.\",\"breadcrumb\":{\"@id\":\"https:\/\/hrprosolutions.pl\/en\/#breadcrumb\"},\"inLanguage\":\"en-US\",\"potentialAction\":[{\"@type\":\"ReadAction\",\"target\":[\"https:\/\/hrprosolutions.pl\/en\/\"]}]},{\"@type\":\"BreadcrumbList\",\"@id\":\"https:\/\/hrprosolutions.pl\/en\/#breadcrumb\",\"itemListElement\":[{\"@type\":\"ListItem\",\"position\":1,\"name\":\"Start\",\"item\":\"https:\/\/hrprosolutions.pl\/en\/\"},{\"@type\":\"ListItem\",\"position\":2,\"name\":\"Talent. Technology. Result. Modern recruitment for the manufacturing industry.\"}]},{\"@type\":\"WebSite\",\"@id\":\"https:\/\/hrprosolutions.pl\/en\/#website\",\"url\":\"https:\/\/hrprosolutions.pl\/en\/\",\"name\":\"HR Pro Solutions\",\"description\":\"Na co dzie\u0144 wspieramy naszych Klient\u00f3w w osi\u0105ganiu ambitnych cel\u00f3w biznesowych.  Dostarczamy kompleksowe rozwi\u0105zania w zakresie rekrutacji, doradztwa personalnego i konsultingu HR.\",\"potentialAction\":[{\"@type\":\"SearchAction\",\"target\":{\"@type\":\"EntryPoint\",\"urlTemplate\":\"https:\/\/hrprosolutions.pl\/en\/?s={search_term_string}\"},\"query-input\":{\"@type\":\"PropertyValueSpecification\",\"valueRequired\":true,\"valueName\":\"search_term_string\"}}],\"inLanguage\":\"en-US\"}]}<\/script>\n<!-- \/ Yoast SEO plugin. -->","yoast_head_json":{"title":"HR Pro Solutions - Talent. Technology. Result. Modern recruitment for the manufacturing industry.","description":"Let us handle your recruitment. We hire specialists in the manufacturing industry. We reach the best talent faster and more precisely.","robots":{"index":"index","follow":"follow","max-snippet":"max-snippet:-1","max-image-preview":"max-image-preview:large","max-video-preview":"max-video-preview:-1"},"canonical":"https:\/\/hrprosolutions.pl\/en\/","og_locale":"en_US","og_type":"article","og_title":"HR Pro Solutions - Talent. Technology. Result. Modern recruitment for the manufacturing industry.","og_description":"Let us handle your recruitment. We hire specialists in the manufacturing industry. We reach the best talent faster and more precisely.","og_url":"https:\/\/hrprosolutions.pl\/en\/","og_site_name":"HR Pro Solutions","article_modified_time":"2025-07-22T13:44:56+00:00","og_image":[{"width":1200,"height":630,"url":"https:\/\/hrprosolutions.pl\/wp-content\/uploads\/2020\/09\/hps_og.png","type":"image\/png"}],"twitter_card":"summary_large_image","twitter_misc":{"Est. reading time":"2 minutes"},"schema":{"@context":"https:\/\/schema.org","@graph":[{"@type":"WebPage","@id":"https:\/\/hrprosolutions.pl\/en\/","url":"https:\/\/hrprosolutions.pl\/en\/","name":"HR Pro Solutions - Talent. Technology. Result. Modern recruitment for the manufacturing industry.","isPartOf":{"@id":"https:\/\/hrprosolutions.pl\/en\/#website"},"datePublished":"2020-09-14T09:12:17+00:00","dateModified":"2025-07-22T13:44:56+00:00","description":"Let us handle your recruitment. We hire specialists in the manufacturing industry. We reach the best talent faster and more precisely.","breadcrumb":{"@id":"https:\/\/hrprosolutions.pl\/en\/#breadcrumb"},"inLanguage":"en-US","potentialAction":[{"@type":"ReadAction","target":["https:\/\/hrprosolutions.pl\/en\/"]}]},{"@type":"BreadcrumbList","@id":"https:\/\/hrprosolutions.pl\/en\/#breadcrumb","itemListElement":[{"@type":"ListItem","position":1,"name":"Start","item":"https:\/\/hrprosolutions.pl\/en\/"},{"@type":"ListItem","position":2,"name":"Talent. Technology. Result. Modern recruitment for the manufacturing industry."}]},{"@type":"WebSite","@id":"https:\/\/hrprosolutions.pl\/en\/#website","url":"https:\/\/hrprosolutions.pl\/en\/","name":"HR Pro Solutions","description":"Na co dzie\u0144 wspieramy naszych Klient\u00f3w w osi\u0105ganiu ambitnych cel\u00f3w biznesowych.  Dostarczamy kompleksowe rozwi\u0105zania w zakresie rekrutacji, doradztwa personalnego i konsultingu HR.","potentialAction":[{"@type":"SearchAction","target":{"@type":"EntryPoint","urlTemplate":"https:\/\/hrprosolutions.pl\/en\/?s={search_term_string}"},"query-input":{"@type":"PropertyValueSpecification","valueRequired":true,"valueName":"search_term_string"}}],"inLanguage":"en-US"}]}},"_links":{"self":[{"href":"https:\/\/hrprosolutions.pl\/en\/wp-json\/wp\/v2\/pages\/378"}],"collection":[{"href":"https:\/\/hrprosolutions.pl\/en\/wp-json\/wp\/v2\/pages"}],"about":[{"href":"https:\/\/hrprosolutions.pl\/en\/wp-json\/wp\/v2\/types\/page"}],"author":[{"embeddable":true,"href":"https:\/\/hrprosolutions.pl\/en\/wp-json\/wp\/v2\/users\/1"}],"replies":[{"embeddable":true,"href":"https:\/\/hrprosolutions.pl\/en\/wp-json\/wp\/v2\/comments?post=378"}],"version-history":[{"count":29,"href":"https:\/\/hrprosolutions.pl\/en\/wp-json\/wp\/v2\/pages\/378\/revisions"}],"predecessor-version":[{"id":3639,"href":"https:\/\/hrprosolutions.pl\/en\/wp-json\/wp\/v2\/pages\/378\/revisions\/3639"}],"wp:attachment":[{"href":"https:\/\/hrprosolutions.pl\/en\/wp-json\/wp\/v2\/media?parent=378"}],"curies":[{"name":"wp","href":"https:\/\/api.w.org\/{rel}","templated":true}]}}